{"id":105,"date":"2011-03-02T18:11:27","date_gmt":"2011-03-02T18:11:27","guid":{"rendered":"http:\/\/www.pasiekaambrozja.pl\/wordpress\/?page_id=105"},"modified":"2017-04-02T20:52:23","modified_gmt":"2017-04-02T19:52:23","slug":"polecane-strony","status":"publish","type":"page","link":"http:\/\/mioduszyna.pl\/?page_id=105","title":{"rendered":"Polecane strony"},"content":{"rendered":"<p><span style=\"font-family: Monotype Corsiva;\"><span style=\"font-size: x-large;\"><strong><span style=\"color: maroon;\"><big>Polecani Hodowcy <\/big><\/span><\/strong><\/span><\/span><\/p>\n<p><span style=\"font-family: Monotype Corsiva;\"><span style=\"font-size: x-large;\"><strong><span style=\"color: maroon;\"><big>Matek <\/big><\/span><\/strong><\/span><\/span><\/p>\n<p>Przed zam\u00f3wieniem matek na refundacj\u0119 upewnij si\u0119 czy dany hodowca bierze udzia\u0142 w programie .<\/p>\n<p><a href=\"http:\/\/www.matki-pszczele.pl\" target=\"_blank\"><img decoding=\"async\" src=\"http:\/\/www.matki-pszczele.pl\/wp-content\/uploads\/2011\/02\/gotowyy.gif\" border=\"0\" alt=\"\" \/><\/a><\/p>\n<p><a href=\"http:\/\/www.pasiekamellifera.com\/\" target=\"_blank\"><img decoding=\"async\" src=\"http:\/\/lh5.ggpht.com\/_NWZ1DwhAbQs\/STV2QZkyAbI\/AAAAAAAAAC8\/W675GDSU3J4\/s128\/2_2004_rozmowa_o_hodowli_2.jpg\" border=\"0\" alt=\"\" \/><\/a>&nbsp; <a href=\"http:\/\/pasieka.colmena.fm.interia.pl\/\" target=\"_blank\"><img decoding=\"async\" src=\"http:\/\/www.spp-polanka.org\/foto\/reklama_naruszewicz.jpg\" border=\"0\" alt=\"\" \/><\/a> &nbsp;<a href=\"http:\/\/picasaweb.google.com\/hodowcy.matek.pszczelich\/HodowcyMatekPszczelich#\" target=\"_blank\"><img decoding=\"async\" src=\"http:\/\/www.pasiekaambrozja.pl\/images\/matki.png\" border=\"0\" alt=\"\" \/><\/a><\/p>\n<p><span style=\"font-family: Monotype Corsiva;\"><span style=\"font-size: x-large;\"><strong><span style=\"color: maroon;\"><big>Polecane Strony <\/big><\/span><\/strong><\/span><\/span><\/p>\n<p><a href=\"http:\/\/www.pasiekaambrozja.pl\" target=\"_blank\"><img decoding=\"async\" src=\"http:\/\/www.pasiekaambrozja.pl\/images\/ban.png\" border=\"0\"\/><\/a><\/p>\n<p><a href=\"http:\/\/www.wzp-krakow.pl\/\">http:\/\/www.wzp-krakow.pl\/<\/a><\/p>\n<p><a href=\"http:\/\/adamek.net.pl\/\">http:\/\/adamek.net.pl\/<\/a><\/p>\n<p><a href=\"http:\/\/www.lyson.com.pl\/\">http:\/\/www.lyson.com.pl\/<\/a><\/p>\n<p><a href=\"http:\/\/www.sloje900.pl\/\" target=\"_blank\" title=\"S\u0142oje 900ml\"><img decoding=\"async\" loading=\"lazy\" src=\"http:\/\/www.forum.pasiekaambrozja.pl\/sloje900.jpg\" width=\"200\" height=\"60\" alt=\"S\u0142oje 900\" border=\"0\" \/><\/a><\/p>\n","protected":false},"excerpt":{"rendered":"<p>Polecani Hodowcy Matek Przed zam\u00f3wieniem matek na refundacj\u0119 upewnij si\u0119 czy dany hodowca bierze udzia\u0142 w programie . &nbsp; &nbsp; Polecane Strony http:\/\/www.wzp-krakow.pl\/ http:\/\/adamek.net.pl\/ http:\/\/www.lyson.com.pl\/<\/p>\n","protected":false},"author":1,"featured_media":0,"parent":0,"menu_order":0,"comment_status":"open","ping_status":"open","template":"","meta":{"footnotes":""},"_links":{"self":[{"href":"http:\/\/mioduszyna.pl\/index.php?rest_route=\/wp\/v2\/pages\/105"}],"collection":[{"href":"http:\/\/mioduszyna.pl\/index.php?rest_route=\/wp\/v2\/pages"}],"about":[{"href":"http:\/\/mioduszyna.pl\/index.php?rest_route=\/wp\/v2\/types\/page"}],"author":[{"embeddable":true,"href":"http:\/\/mioduszyna.pl\/index.php?rest_route=\/wp\/v2\/users\/1"}],"replies":[{"embeddable":true,"href":"http:\/\/mioduszyna.pl\/index.php?rest_route=%2Fwp%2Fv2%2Fcomments&post=105"}],"version-history":[{"count":33,"href":"http:\/\/mioduszyna.pl\/index.php?rest_route=\/wp\/v2\/pages\/105\/revisions"}],"predecessor-version":[{"id":584,"href":"http:\/\/mioduszyna.pl\/index.php?rest_route=\/wp\/v2\/pages\/105\/revisions\/584"}],"wp:attachment":[{"href":"http:\/\/mioduszyna.pl\/index.php?rest_route=%2Fwp%2Fv2%2Fmedia&parent=105"}],"curies":[{"name":"wp","href":"https:\/\/api.w.org\/{rel}","templated":true}]}}