{"id":587,"date":"2017-04-24T22:09:35","date_gmt":"2017-04-24T21:09:35","guid":{"rendered":"http:\/\/www.pasiekaambrozja.pl\/mioduszyna\/?page_id=587"},"modified":"2020-05-12T11:56:09","modified_gmt":"2020-05-12T10:56:09","slug":"kontakt","status":"publish","type":"page","link":"http:\/\/mioduszyna.pl\/?page_id=587","title":{"rendered":"Kontakt"},"content":{"rendered":"<p>W wa\u017cnych sprawach prosimy o kontakt:<br \/>\nJan G\u0105ska &#8211; Prezes, tel.530 209 400<br \/>\nZbigniew Palka &#8211; Skarbnik, tel. 602 309 440<br \/>\nRobert Kapa\u0142a &#8211; Sekretarz,  tel. 604 826 648<\/p>\n<p>Kontakt do Korespondencji<br \/>\nRobert Kapa\u0142a<br \/>\nul. G\u00f3rska 20<br \/>\n34-200 Sucha Beskidzka<br \/>\nkom: 604 826 648<br \/>\ne-mail ; <\/p>\n","protected":false},"excerpt":{"rendered":"<p>W wa\u017cnych sprawach prosimy o kontakt: Jan G\u0105ska &#8211; Prezes, tel.530 209 400 Zbigniew Palka &#8211; Skarbnik, tel. 602 309 440 Robert Kapa\u0142a &#8211; Sekretarz, tel. 604 826 648 Kontakt do Korespondencji Robert Kapa\u0142a ul. G\u00f3rska 20 34-200 Sucha Beskidzka &hellip; <a href=\"http:\/\/mioduszyna.pl\/?page_id=587\">Czytaj dalej <span class=\"meta-nav\">&rarr;<\/span><\/a><\/p>\n","protected":false},"author":3,"featured_media":0,"parent":0,"menu_order":0,"comment_status":"closed","ping_status":"closed","template":"","meta":{"footnotes":""},"_links":{"self":[{"href":"http:\/\/mioduszyna.pl\/index.php?rest_route=\/wp\/v2\/pages\/587"}],"collection":[{"href":"http:\/\/mioduszyna.pl\/index.php?rest_route=\/wp\/v2\/pages"}],"about":[{"href":"http:\/\/mioduszyna.pl\/index.php?rest_route=\/wp\/v2\/types\/page"}],"author":[{"embeddable":true,"href":"http:\/\/mioduszyna.pl\/index.php?rest_route=\/wp\/v2\/users\/3"}],"replies":[{"embeddable":true,"href":"http:\/\/mioduszyna.pl\/index.php?rest_route=%2Fwp%2Fv2%2Fcomments&post=587"}],"version-history":[{"count":7,"href":"http:\/\/mioduszyna.pl\/index.php?rest_route=\/wp\/v2\/pages\/587\/revisions"}],"predecessor-version":[{"id":851,"href":"http:\/\/mioduszyna.pl\/index.php?rest_route=\/wp\/v2\/pages\/587\/revisions\/851"}],"wp:attachment":[{"href":"http:\/\/mioduszyna.pl\/index.php?rest_route=%2Fwp%2Fv2%2Fmedia&parent=587"}],"curies":[{"name":"wp","href":"https:\/\/api.w.org\/{rel}","templated":true}]}}